{"id":3,"date":"2024-01-18T15:42:25","date_gmt":"2024-01-18T15:42:25","guid":{"rendered":"https:\/\/petar-zrinski-edukacija.com\/zinicmarijana\/?page_id=3"},"modified":"2024-09-11T14:04:46","modified_gmt":"2024-09-11T12:04:46","slug":"privacy-policy","status":"publish","type":"page","link":"https:\/\/marijanakeramika.hr\/en\/privacy-policy\/","title":{"rendered":"Privacy policy"},"content":{"rendered":"<h2 class=\"wp-block-heading\">Tko sam ja<\/h2>\n\n\n\n<p>Marijana Keramika, doma\u0107a radinost<br>Adresa: Ferde Livadi\u0107a 20, 44000 Sisak<br>Broj telefona: +385 91 442 2141<br>e-mail: marijana.keramika@gmail.com<\/p>\n\n\n\n<p>Adresa web-stranice je: https:\/\/marijanakeramika.hr\/.<\/p>\n\n\n\n<h2 class=\"wp-block-heading\">Komentari<\/h2>\n\n\n\n<p>Kada posjetitelji napi\u0161u komentar na web-stranici, prikupljaju se podatci prikazani u formi komentara i tako\u0111er IP adresa posjetitelja kao i string korisni\u010dkog agenta preglednika kako bi se lak\u0161e detektirao spam.<\/p>\n\n\n\n<p>Mogu\u0107e je da je anonimiziran string kreiran iz va\u0161e adrese e-po\u0161te (koji se tako\u0111er zove hash) dostavljen Gravatar servisu zbog provjere koristite li ga. Pravila privatnosti Gravatar servisa dostupna su ovdje: https:\/\/automattic.com\/privacy\/. Nakon odobrenja va\u0161eg komentara, va\u0161a profilna slika je javno vidljiva u kontekstu va\u0161eg komentara.<\/p>\n\n\n\n<h2 class=\"wp-block-heading\">Medij<\/h2>\n\n\n\n<p>Ako prenesete sliku na web-stranicu, trebali biste izbjegavati prijenos slika koje imaju ugra\u0111ene podatke o lokaciji (EXIF GPS). Posjetitelji web-stranice mogu ih preuzeti i izdvojiti bilo koje podatke o lokaciji iz slika s web-stranice.<\/p>\n\n\n\n<h2 class=\"wp-block-heading\">Kola\u010di\u0107i<\/h2>\n\n\n\n<p>Ako napi\u0161ete komentar na ovoj web-stranici, mo\u017eete odabrati spremanje imena, adrese e-po\u0161te i web-stranice u kola\u010di\u0107e. To vam olak\u0161ava ponovno komentiranje, da ne morate ponovno unositi te informacije. Ovi kola\u010di\u0107i traju godinu dana.<\/p>\n\n\n\n<p>Ako posjetite stranicu za prijavu, postavit \u0107e se privremeni kola\u010di\u0107 kako bi se utvrdilo prihva\u0107a li va\u0161 preglednik kola\u010di\u0107e. Ovaj kola\u010di\u0107 ne sadr\u017ei osobne podatke i bri\u0161e se kada ugasite preglednik.<\/p>\n\n\n\n<p>Kada se prijavite, postavit \u0107e se nekoliko kola\u010di\u0107a kako bi se sa\u010duvali va\u0161i podatci o prijavi i va\u0161e postavke zaslona. Kola\u010di\u0107i prijave traju dva dana, a kola\u010di\u0107i postavki zaslona traju godinu dana. Ako odaberete &#8220;Zapamti me&#8221;, va\u0161a prijava \u0107e trajati dva tjedna. Ako se odjavite s ra\u010duna, kola\u010di\u0107i prijave bit \u0107e uklonjeni.<\/p>\n\n\n\n<p>Ako uredite ili objavite \u010dlanak, dodatni kola\u010di\u0107 \u0107e biti spremljen u va\u0161em pregledniku. Ovaj kola\u010di\u0107 ne sadr\u017ei osobne podatke i samo ukazuje na ID objave \u010dlanka koji ste upravo uredili. Kola\u010di\u0107 istje\u010de nakon jednog dana.<\/p>\n\n\n\n<h2 class=\"wp-block-heading\">Ugra\u0111eni sadr\u017eaj s drugih web-stranica<\/h2>\n\n\n\n<p>\u010clanci na ovoj web-stranici mogu sadr\u017eavati ugra\u0111eni sadr\u017eaj (npr. video, slike, \u010dlanke, itd.). Ugra\u0111eni sadr\u017eaj sa drugih web-stranica pona\u0161a se istovjetno kao da je posjetitelj posjetio tu drugu web-stranicu.<\/p>\n\n\n\n<p>Ove web-stranice mo\u017eda prikupljaju podatke o vama, koriste kola\u010di\u0107e, imaju ugra\u0111eno dodatno pra\u0107enje od tre\u0107ih strana, i nadgledaju va\u0161u interakciju s tim ugra\u0111enim sadr\u017eajem, uklju\u010duju\u0107i pra\u0107enje va\u0161e interakcije s ugra\u0111enim sadr\u017eajem ako imate ra\u010dun i prijavljeni ste na web-stranici.<\/p>\n\n\n\n<h2 class=\"wp-block-heading\">S kime se dijele va\u0161i podatci<\/h2>\n\n\n\n<p>Ako zatra\u017eite ponovno postavljanje lozinke, va\u0161a IP adresa bit \u0107e uklju\u010dena u poruku e-po\u0161te za ponovno postavljanje.<\/p>\n\n\n\n<h2 class=\"wp-block-heading\">Koliko dugo se \u010duvaju va\u0161i podatci<\/h2>\n\n\n\n<p>Ako napi\u0161ete komentar, komentar i njegovi meta podaci su sa\u010duvani zauvijek. To je zbog automatskog prepoznavanja i odobravanja budu\u0107ih komentara, umjesto da budu na \u010dekanju za odobrenje.<\/p>\n\n\n\n<p>Za korisnike koji se registriraju na web-stranici (ako ih ima), tako\u0111er se pohranjuju osobni podatci koje navedu u njihovim korisni\u010dkim profilima. Svi korisnici mogu vidjeti, urediti ili obrisati svoje osobne podatke u bilo koje vrijeme ( osim \u0161to ne mogu promijeniti svoje korisni\u010dko ime). Administratori web-stranice tako\u0111er mogu vidjeti i urediti te informacije.<\/p>\n\n\n\n<h2 class=\"wp-block-heading\">Koja prava imate nad svojim podacima<\/h2>\n\n\n\n<p>Ako imate ra\u010dun na ovoj web-stranici ili ste pisali komentare, mo\u017eete zatra\u017eiti primanje izvozne datoteke osobnih podataka, uklju\u010duju\u0107i sve podatke koje ste dostavili. Tako\u0111er mo\u017eete zatra\u017eiti brisanje svih osobnih podataka o vama. Ovo ne uklju\u010duje bilo koje podatke koje smo obavezni dr\u017eati za administrativne, pravne ili sigurnosne namjene.<\/p>\n\n\n\n<h2 class=\"wp-block-heading\">Kamo se \u0161alju va\u0161i podaci<\/h2>\n\n\n\n<p>Komentari posjetitelja mogu se provjeriti putem automatske usluge za otkrivanje ne\u017eeljene po\u0161te.<\/p>\n\n\n\n<h2 class=\"wp-block-heading\">I dodatno&#8230;<\/h2>\n\n\n\n<p>Pravila privatnosti navedena na ovoj web stranici mogu se po potrebi izmijeniti i stupaju na snagu odmah po objavi na samoj stranici. Molimo vas zato da povremeno posjetite ovo web mjesto i provjerite ima li kakvih promjena.<\/p>\n\n\n\n<p>Podatci se prikupljaju prvenstveno radi pobolj\u0161anja va\u0161eg korisni\u010dkog iskustva, ali i s ciljem boljeg razumijevanja va\u0161ih potreba. Pojedini podaci slu\u017ee za pra\u0107enje prometa i analizu posjetitelja stranice (prikupljaju se putem Google Analyticsa), dok drugi podaci slu\u017ee za kontaktiranje i slanje informacija o popustima i pogodnostima (podaci koje nam ostavljate putem kontakt formi).<\/p>\n\n\n\n<p>Osobni podatci na ovoj stranici prikupljaju se isklju\u010divo uz va\u0161 pristanak, putem kontakt formi. Ako se odlu\u010dite prijaviti na newsletter listu, od vas \u0107e biti zatra\u017eeni podatci o imenu, prezimenu i mail adresi. Ti podatci \u0107e se pomno \u010duvati i ne\u0107e biti proslije\u0111eni tre\u0107im osobama. Koristit \u0107e se samo za one svrhe za koje ste dali odobrenje, tj. za slanje newslettera s va\u017enim obavijestima. Za slanje newslettera koristi se servis MailChimp, jedan od najboljih i najsigurnijih u svijetu.<\/p>\n\n\n\n<p>U svakom se trenutku mo\u017eete odjaviti s newsletter liste klikom na link Unsubscribe koji se nalazi u svakom mailu ili osobnim kontaktiranjem i zahtjevom da budete uklonjeni s liste. Mo\u017eete se javiti i javiti ako imate bilo kakvih pitanja vezanih uz prikupljanje va\u0161ih podataka. U svakom trenutku mo\u017eete zatra\u017eiti informaciju koji se va\u0161i osobni podatci \u010duvaju, te podatke mo\u017eete a\u017eurirati ili tra\u017eiti da ih se trajno izbri\u0161e.<\/p>\n\n\n\n<p><\/p>\n\n\n\n<p><\/p>","protected":false},"excerpt":{"rendered":"<p>Tko sam ja Marijana Keramika, doma\u0107a radinostAdresa: Ferde Livadi\u0107a 20, 44000 SisakBroj telefona: +385 91 442 2141e-mail: marijana.keramika@gmail.com Adresa web-stranice [&hellip;]<\/p>\n","protected":false},"author":1,"featured_media":0,"parent":0,"menu_order":0,"comment_status":"closed","ping_status":"open","template":"","meta":{"_eb_attr":"","site-sidebar-layout":"default","site-content-layout":"","ast-site-content-layout":"default","site-content-style":"default","site-sidebar-style":"default","ast-global-header-display":"","ast-banner-title-visibility":"","ast-main-header-display":"","ast-hfb-above-header-display":"","ast-hfb-below-header-display":"","ast-hfb-mobile-header-display":"","site-post-title":"","ast-breadcrumbs-content":"","ast-featured-img":"","footer-sml-layout":"","ast-disable-related-posts":"","theme-transparent-header-meta":"","adv-header-id-meta":"","stick-header-meta":"","header-above-stick-meta":"","header-main-stick-meta":"","header-below-stick-meta":"","astra-migrate-meta-layouts":"default","ast-page-background-enabled":"default","ast-page-background-meta":{"desktop":{"background-color":"var(--ast-global-color-4)","background-image":"","background-repeat":"repeat","background-position":"center center","background-size":"auto","background-attachment":"scroll","background-type":"","background-media":"","overlay-type":"","overlay-color":"","overlay-opacity":"","overlay-gradient":""},"tablet":{"background-color":"","background-image":"","background-repeat":"repeat","background-position":"center center","background-size":"auto","background-attachment":"scroll","background-type":"","background-media":"","overlay-type":"","overlay-color":"","overlay-opacity":"","overlay-gradient":""},"mobile":{"background-color":"","background-image":"","background-repeat":"repeat","background-position":"center center","background-size":"auto","background-attachment":"scroll","background-type":"","background-media":"","overlay-type":"","overlay-color":"","overlay-opacity":"","overlay-gradient":""}},"ast-content-background-meta":{"desktop":{"background-color":"var(--ast-global-color-5)","background-image":"","background-repeat":"repeat","background-position":"center center","background-size":"auto","background-attachment":"scroll","background-type":"","background-media":"","overlay-type":"","overlay-color":"","overlay-opacity":"","overlay-gradient":""},"tablet":{"background-color":"var(--ast-global-color-5)","background-image":"","background-repeat":"repeat","background-position":"center center","background-size":"auto","background-attachment":"scroll","background-type":"","background-media":"","overlay-type":"","overlay-color":"","overlay-opacity":"","overlay-gradient":""},"mobile":{"background-color":"var(--ast-global-color-5)","background-image":"","background-repeat":"repeat","background-position":"center center","background-size":"auto","background-attachment":"scroll","background-type":"","background-media":"","overlay-type":"","overlay-color":"","overlay-opacity":"","overlay-gradient":""}},"footnotes":""},"class_list":["post-3","page","type-page","status-publish","hentry"],"_links":{"self":[{"href":"https:\/\/marijanakeramika.hr\/en\/wp-json\/wp\/v2\/pages\/3","targetHints":{"allow":["GET"]}}],"collection":[{"href":"https:\/\/marijanakeramika.hr\/en\/wp-json\/wp\/v2\/pages"}],"about":[{"href":"https:\/\/marijanakeramika.hr\/en\/wp-json\/wp\/v2\/types\/page"}],"author":[{"embeddable":true,"href":"https:\/\/marijanakeramika.hr\/en\/wp-json\/wp\/v2\/users\/1"}],"replies":[{"embeddable":true,"href":"https:\/\/marijanakeramika.hr\/en\/wp-json\/wp\/v2\/comments?post=3"}],"version-history":[{"count":7,"href":"https:\/\/marijanakeramika.hr\/en\/wp-json\/wp\/v2\/pages\/3\/revisions"}],"predecessor-version":[{"id":1371,"href":"https:\/\/marijanakeramika.hr\/en\/wp-json\/wp\/v2\/pages\/3\/revisions\/1371"}],"wp:attachment":[{"href":"https:\/\/marijanakeramika.hr\/en\/wp-json\/wp\/v2\/media?parent=3"}],"curies":[{"name":"wp","href":"https:\/\/api.w.org\/{rel}","templated":true}]}}