{"id":173,"date":"2024-02-16T19:13:53","date_gmt":"2024-02-16T18:13:53","guid":{"rendered":"https:\/\/petar-zrinski-edukacija.com\/zinicmarijana\/?page_id=173"},"modified":"2025-06-23T12:31:55","modified_gmt":"2025-06-23T10:31:55","slug":"o-meni","status":"publish","type":"page","link":"https:\/\/marijanakeramika.hr\/en\/o-meni\/","title":{"rendered":"About me"},"content":{"rendered":"<div data-elementor-type=\"wp-page\" data-elementor-id=\"173\" class=\"elementor elementor-173\">\n\t\t\t\t<div class=\"elementor-element elementor-element-61228f46 e-flex e-con-boxed e-con e-parent\" data-id=\"61228f46\" data-element_type=\"container\" data-e-type=\"container\">\n\t\t\t\t\t<div class=\"e-con-inner\">\n\t\t<div class=\"elementor-element elementor-element-21a1b983 e-con-full e-flex e-con e-child\" data-id=\"21a1b983\" data-element_type=\"container\" data-e-type=\"container\">\n\t\t<div class=\"elementor-element elementor-element-141538d2 e-con-full e-flex e-con e-child\" data-id=\"141538d2\" data-element_type=\"container\" data-e-type=\"container\">\n\t\t\t\t<div class=\"elementor-element elementor-element-108a220f elementor-widget elementor-widget-image\" data-id=\"108a220f\" data-element_type=\"widget\" data-e-type=\"widget\" data-widget_type=\"image.default\">\n\t\t\t\t<div class=\"elementor-widget-container\">\n\t\t\t\t\t\t\t\t\t\t\t\t\t\t\t<img fetchpriority=\"high\" decoding=\"async\" width=\"1024\" height=\"768\" src=\"https:\/\/marijanakeramika.hr\/wp-content\/uploads\/2024\/04\/Zdjelica-za-rakove-1024x768.jpg\" class=\"attachment-large size-large wp-image-637\" alt=\"\" srcset=\"https:\/\/marijanakeramika.hr\/wp-content\/uploads\/2024\/04\/Zdjelica-za-rakove-1024x768.jpg 1024w, https:\/\/marijanakeramika.hr\/wp-content\/uploads\/2024\/04\/Zdjelica-za-rakove-300x225.jpg 300w, https:\/\/marijanakeramika.hr\/wp-content\/uploads\/2024\/04\/Zdjelica-za-rakove-768x576.jpg 768w, https:\/\/marijanakeramika.hr\/wp-content\/uploads\/2024\/04\/Zdjelica-za-rakove-1536x1152.jpg 1536w, https:\/\/marijanakeramika.hr\/wp-content\/uploads\/2024\/04\/Zdjelica-za-rakove-2048x1536.jpg 2048w, https:\/\/marijanakeramika.hr\/wp-content\/uploads\/2024\/04\/Zdjelica-za-rakove-16x12.jpg 16w, https:\/\/marijanakeramika.hr\/wp-content\/uploads\/2024\/04\/Zdjelica-za-rakove-1320x990.jpg 1320w, https:\/\/marijanakeramika.hr\/wp-content\/uploads\/2024\/04\/Zdjelica-za-rakove-600x450.jpg 600w\" sizes=\"(max-width: 1024px) 100vw, 1024px\" title=\"\">\t\t\t\t\t\t\t\t\t\t\t\t\t\t\t<\/div>\n\t\t\t\t<\/div>\n\t\t\t\t<div class=\"elementor-element elementor-element-7245150d elementor-widget elementor-widget-image\" data-id=\"7245150d\" data-element_type=\"widget\" data-e-type=\"widget\" data-widget_type=\"image.default\">\n\t\t\t\t<div class=\"elementor-widget-container\">\n\t\t\t\t\t\t\t\t\t\t\t\t\t\t\t<img decoding=\"async\" width=\"1024\" height=\"768\" src=\"https:\/\/marijanakeramika.hr\/wp-content\/uploads\/2024\/04\/Kucni-rezbareni-svjetionik-1024x768.jpg\" class=\"attachment-large size-large wp-image-673\" alt=\"\" srcset=\"https:\/\/marijanakeramika.hr\/wp-content\/uploads\/2024\/04\/Kucni-rezbareni-svjetionik-1024x768.jpg 1024w, https:\/\/marijanakeramika.hr\/wp-content\/uploads\/2024\/04\/Kucni-rezbareni-svjetionik-300x225.jpg 300w, https:\/\/marijanakeramika.hr\/wp-content\/uploads\/2024\/04\/Kucni-rezbareni-svjetionik-768x576.jpg 768w, https:\/\/marijanakeramika.hr\/wp-content\/uploads\/2024\/04\/Kucni-rezbareni-svjetionik-1536x1152.jpg 1536w, https:\/\/marijanakeramika.hr\/wp-content\/uploads\/2024\/04\/Kucni-rezbareni-svjetionik-2048x1536.jpg 2048w, https:\/\/marijanakeramika.hr\/wp-content\/uploads\/2024\/04\/Kucni-rezbareni-svjetionik-16x12.jpg 16w, https:\/\/marijanakeramika.hr\/wp-content\/uploads\/2024\/04\/Kucni-rezbareni-svjetionik-1320x990.jpg 1320w, https:\/\/marijanakeramika.hr\/wp-content\/uploads\/2024\/04\/Kucni-rezbareni-svjetionik-600x450.jpg 600w\" sizes=\"(max-width: 1024px) 100vw, 1024px\" title=\"\">\t\t\t\t\t\t\t\t\t\t\t\t\t\t\t<\/div>\n\t\t\t\t<\/div>\n\t\t\t\t<\/div>\n\t\t<div class=\"elementor-element elementor-element-9bc460c e-con-full e-flex e-con e-child\" data-id=\"9bc460c\" data-element_type=\"container\" data-e-type=\"container\">\n\t\t\t\t<div class=\"elementor-element elementor-element-2a827483 elementor-widget elementor-widget-image\" data-id=\"2a827483\" data-element_type=\"widget\" data-e-type=\"widget\" data-widget_type=\"image.default\">\n\t\t\t\t<div class=\"elementor-widget-container\">\n\t\t\t\t\t\t\t\t\t\t\t\t\t\t\t<img decoding=\"async\" width=\"768\" height=\"1024\" src=\"https:\/\/marijanakeramika.hr\/wp-content\/uploads\/2024\/04\/Tradicionalna-lutka-terakota-768x1024.jpg\" class=\"attachment-large size-large wp-image-634\" alt=\"\" srcset=\"https:\/\/marijanakeramika.hr\/wp-content\/uploads\/2024\/04\/Tradicionalna-lutka-terakota-768x1024.jpg 768w, https:\/\/marijanakeramika.hr\/wp-content\/uploads\/2024\/04\/Tradicionalna-lutka-terakota-225x300.jpg 225w, https:\/\/marijanakeramika.hr\/wp-content\/uploads\/2024\/04\/Tradicionalna-lutka-terakota-1152x1536.jpg 1152w, https:\/\/marijanakeramika.hr\/wp-content\/uploads\/2024\/04\/Tradicionalna-lutka-terakota-1536x2048.jpg 1536w, https:\/\/marijanakeramika.hr\/wp-content\/uploads\/2024\/04\/Tradicionalna-lutka-terakota-9x12.jpg 9w, https:\/\/marijanakeramika.hr\/wp-content\/uploads\/2024\/04\/Tradicionalna-lutka-terakota-1320x1760.jpg 1320w, https:\/\/marijanakeramika.hr\/wp-content\/uploads\/2024\/04\/Tradicionalna-lutka-terakota-600x800.jpg 600w\" sizes=\"(max-width: 768px) 100vw, 768px\" title=\"\">\t\t\t\t\t\t\t\t\t\t\t\t\t\t\t<\/div>\n\t\t\t\t<\/div>\n\t\t\t\t<div class=\"elementor-element elementor-element-2a0ed735 elementor-widget elementor-widget-image\" data-id=\"2a0ed735\" data-element_type=\"widget\" data-e-type=\"widget\" data-widget_type=\"image.default\">\n\t\t\t\t<div class=\"elementor-widget-container\">\n\t\t\t\t\t\t\t\t\t\t\t\t\t\t\t<img loading=\"lazy\" decoding=\"async\" width=\"1024\" height=\"768\" src=\"https:\/\/marijanakeramika.hr\/wp-content\/uploads\/2024\/08\/IMG_9092-1024x768.jpg\" class=\"attachment-large size-large wp-image-1170\" alt=\"Mala posuda s poklopcem u Sgraffito tehnici\" srcset=\"https:\/\/marijanakeramika.hr\/wp-content\/uploads\/2024\/08\/IMG_9092-1024x768.jpg 1024w, https:\/\/marijanakeramika.hr\/wp-content\/uploads\/2024\/08\/IMG_9092-300x225.jpg 300w, https:\/\/marijanakeramika.hr\/wp-content\/uploads\/2024\/08\/IMG_9092-768x576.jpg 768w, https:\/\/marijanakeramika.hr\/wp-content\/uploads\/2024\/08\/IMG_9092-1536x1152.jpg 1536w, https:\/\/marijanakeramika.hr\/wp-content\/uploads\/2024\/08\/IMG_9092-2048x1536.jpg 2048w, https:\/\/marijanakeramika.hr\/wp-content\/uploads\/2024\/08\/IMG_9092-16x12.jpg 16w, https:\/\/marijanakeramika.hr\/wp-content\/uploads\/2024\/08\/IMG_9092-1320x990.jpg 1320w, https:\/\/marijanakeramika.hr\/wp-content\/uploads\/2024\/08\/IMG_9092-600x450.jpg 600w, https:\/\/marijanakeramika.hr\/wp-content\/uploads\/2024\/08\/IMG_9092.jpg 1600w\" sizes=\"(max-width: 1024px) 100vw, 1024px\" title=\"\">\t\t\t\t\t\t\t\t\t\t\t\t\t\t\t<\/div>\n\t\t\t\t<\/div>\n\t\t\t\t<\/div>\n\t\t\t\t<\/div>\n\t\t<div class=\"elementor-element elementor-element-4d26435f e-con-full e-flex e-con e-child\" data-id=\"4d26435f\" data-element_type=\"container\" data-e-type=\"container\">\n\t\t\t\t<div class=\"elementor-element elementor-element-3c89a8a5 elementor-widget elementor-widget-heading\" data-id=\"3c89a8a5\" data-element_type=\"widget\" data-e-type=\"widget\" data-widget_type=\"heading.default\">\n\t\t\t\t<div class=\"elementor-widget-container\">\n\t\t\t\t\t<h3 class=\"elementor-heading-title elementor-size-default\">About me<\/h3>\t\t\t\t<\/div>\n\t\t\t\t<\/div>\n\t\t\t\t<div class=\"elementor-element elementor-element-40973d74 elementor-widget elementor-widget-text-editor\" data-id=\"40973d74\" data-element_type=\"widget\" data-e-type=\"widget\" data-widget_type=\"text-editor.default\">\n\t\t\t\t<div class=\"elementor-widget-container\">\n\t\t\t\t\t\t\t\t\t<p data-start=\"212\" data-end=\"418\"><strong data-start=\"212\" data-end=\"271\">In a world full of rush and noise, clay is my sanctuary.<\/strong><br data-start=\"271\" data-end=\"274\">U slobodno vrijeme s velikim zadovoljstvom izra\u0111ujem uporabne i ukrasne predmete od gline, stvaraju\u0107i postepeno vlastiti, prepoznatljiv stil.<\/p>\n<p data-start=\"420\" data-end=\"764\">Working with clay is much more than a hobby for me \u2013 it's a form of expression, exploration, and inner calm. Every piece I create, whether it\u2019s a vase, bowl, figurine, or dish, carries a story, a feeling, and a unique identity. Clay offers me the freedom to blend beauty with purpose, art with everyday life.<\/p>\n<p data-start=\"766\" data-end=\"1020\">What inspires me most is the ability to tell a story through every creation. As my hands carefully form the details, I feel a deep sense of peace and fulfillment. It\u2019s a connection with nature, with the elements \u2013 and with myself \u2013 that makes clay truly magical to me.<\/p>\t\t\t\t\t\t\t\t<\/div>\n\t\t\t\t<\/div>\n\t\t\t\t<div class=\"elementor-element elementor-element-59a8bef2 elementor-align-center elementor-widget elementor-widget-button\" data-id=\"59a8bef2\" data-element_type=\"widget\" data-e-type=\"widget\" data-widget_type=\"button.default\">\n\t\t\t\t<div class=\"elementor-widget-container\">\n\t\t\t\t\t\t\t\t\t<div class=\"elementor-button-wrapper\">\n\t\t\t\t\t<a class=\"elementor-button elementor-button-link elementor-size-sm\" href=\"https:\/\/marijanakeramika.hr\/en\/kontakt\/\">\n\t\t\t\t\t\t<span class=\"elementor-button-content-wrapper\">\n\t\t\t\t\t\t\t\t\t<span class=\"elementor-button-text\">If you want to know more, contact me!<\/span>\n\t\t\t\t\t<\/span>\n\t\t\t\t\t<\/a>\n\t\t\t\t<\/div>\n\t\t\t\t\t\t\t\t<\/div>\n\t\t\t\t<\/div>\n\t\t\t\t<\/div>\n\t\t\t\t\t<\/div>\n\t\t\t\t<\/div>\n\t\t\t\t<\/div>","protected":false},"excerpt":{"rendered":"<p>O meni U svijetu prepunom u\u017eurbanosti, glina je moje uto\u010di\u0161te.U slobodno vrijeme s velikim zadovoljstvom izra\u0111ujem uporabne i ukrasne predmete [&hellip;]<\/p>\n","protected":false},"author":1,"featured_media":0,"parent":0,"menu_order":0,"comment_status":"closed","ping_status":"closed","template":"","meta":{"_eb_attr":"","site-sidebar-layout":"no-sidebar","site-content-layout":"","ast-site-content-layout":"full-width-container","site-content-style":"default","site-sidebar-style":"default","ast-global-header-display":"","ast-banner-title-visibility":"","ast-main-header-display":"","ast-hfb-above-header-display":"","ast-hfb-below-header-display":"","ast-hfb-mobile-header-display":"","site-post-title":"disabled","ast-breadcrumbs-content":"","ast-featured-img":"disabled","footer-sml-layout":"","ast-disable-related-posts":"","theme-transparent-header-meta":"","adv-header-id-meta":"","stick-header-meta":"","header-above-stick-meta":"","header-main-stick-meta":"","header-below-stick-meta":"","astra-migrate-meta-layouts":"default","ast-page-background-enabled":"default","ast-page-background-meta":{"desktop":{"background-color":"var(--ast-global-color-4)","background-image":"","background-repeat":"repeat","background-position":"center center","background-size":"auto","background-attachment":"scroll","background-type":"","background-media":"","overlay-type":"","overlay-color":"","overlay-opacity":"","overlay-gradient":""},"tablet":{"background-color":"","background-image":"","background-repeat":"repeat","background-position":"center center","background-size":"auto","background-attachment":"scroll","background-type":"","background-media":"","overlay-type":"","overlay-color":"","overlay-opacity":"","overlay-gradient":""},"mobile":{"background-color":"","background-image":"","background-repeat":"repeat","background-position":"center center","background-size":"auto","background-attachment":"scroll","background-type":"","background-media":"","overlay-type":"","overlay-color":"","overlay-opacity":"","overlay-gradient":""}},"ast-content-background-meta":{"desktop":{"background-color":"var(--ast-global-color-5)","background-image":"","background-repeat":"repeat","background-position":"center center","background-size":"auto","background-attachment":"scroll","background-type":"","background-media":"","overlay-type":"","overlay-color":"","overlay-opacity":"","overlay-gradient":""},"tablet":{"background-color":"var(--ast-global-color-5)","background-image":"","background-repeat":"repeat","background-position":"center center","background-size":"auto","background-attachment":"scroll","background-type":"","background-media":"","overlay-type":"","overlay-color":"","overlay-opacity":"","overlay-gradient":""},"mobile":{"background-color":"var(--ast-global-color-5)","background-image":"","background-repeat":"repeat","background-position":"center center","background-size":"auto","background-attachment":"scroll","background-type":"","background-media":"","overlay-type":"","overlay-color":"","overlay-opacity":"","overlay-gradient":""}},"footnotes":""},"class_list":["post-173","page","type-page","status-publish","hentry"],"_links":{"self":[{"href":"https:\/\/marijanakeramika.hr\/en\/wp-json\/wp\/v2\/pages\/173","targetHints":{"allow":["GET"]}}],"collection":[{"href":"https:\/\/marijanakeramika.hr\/en\/wp-json\/wp\/v2\/pages"}],"about":[{"href":"https:\/\/marijanakeramika.hr\/en\/wp-json\/wp\/v2\/types\/page"}],"author":[{"embeddable":true,"href":"https:\/\/marijanakeramika.hr\/en\/wp-json\/wp\/v2\/users\/1"}],"replies":[{"embeddable":true,"href":"https:\/\/marijanakeramika.hr\/en\/wp-json\/wp\/v2\/comments?post=173"}],"version-history":[{"count":133,"href":"https:\/\/marijanakeramika.hr\/en\/wp-json\/wp\/v2\/pages\/173\/revisions"}],"predecessor-version":[{"id":1602,"href":"https:\/\/marijanakeramika.hr\/en\/wp-json\/wp\/v2\/pages\/173\/revisions\/1602"}],"wp:attachment":[{"href":"https:\/\/marijanakeramika.hr\/en\/wp-json\/wp\/v2\/media?parent=173"}],"curies":[{"name":"wp","href":"https:\/\/api.w.org\/{rel}","templated":true}]}}